{"id":7578,"date":"2021-10-22T12:39:56","date_gmt":"2021-10-22T12:39:56","guid":{"rendered":"https:\/\/boosttest.org\/impressum"},"modified":"2022-09-22T15:15:20","modified_gmt":"2022-09-22T15:15:20","slug":"impressum","status":"publish","type":"page","link":"https:\/\/boostgroup.eu\/de\/impressum","title":{"rendered":"Impressum"},"content":{"rendered":"\t\t<div data-elementor-type=\"wp-page\" data-elementor-id=\"7578\" class=\"elementor elementor-7578 elementor-2909\" data-elementor-post-type=\"page\">\n\t\t\t\t\t\t<section class=\"elementor-section elementor-top-section elementor-element elementor-element-e4f4a07 elementor-section-boxed elementor-section-height-default elementor-section-height-default\" data-id=\"e4f4a07\" data-element_type=\"section\" data-e-type=\"section\">\n\t\t\t\t\t\t<div class=\"elementor-container elementor-column-gap-default\">\n\t\t\t\t\t<div class=\"elementor-column elementor-col-100 elementor-top-column elementor-element elementor-element-6760f00\" data-id=\"6760f00\" data-element_type=\"column\" data-e-type=\"column\">\n\t\t\t<div class=\"elementor-widget-wrap elementor-element-populated\">\n\t\t\t\t\t\t<div class=\"elementor-element elementor-element-3381ad6 elementor-widget elementor-widget-heading\" data-id=\"3381ad6\" data-element_type=\"widget\" data-e-type=\"widget\" data-widget_type=\"heading.default\">\n\t\t\t\t<div class=\"elementor-widget-container\">\n\t\t\t\t\t<h2 class=\"elementor-heading-title elementor-size-default\">Impressum<\/h2>\t\t\t\t<\/div>\n\t\t\t\t<\/div>\n\t\t\t\t\t<\/div>\n\t\t<\/div>\n\t\t\t\t\t<\/div>\n\t\t<\/section>\n\t\t\t\t<section class=\"elementor-section elementor-top-section elementor-element elementor-element-cf66613 elementor-section-boxed elementor-section-height-default elementor-section-height-default\" data-id=\"cf66613\" data-element_type=\"section\" data-e-type=\"section\">\n\t\t\t\t\t\t<div class=\"elementor-container elementor-column-gap-default\">\n\t\t\t\t\t<div class=\"elementor-column elementor-col-100 elementor-top-column elementor-element elementor-element-7075d11\" data-id=\"7075d11\" data-element_type=\"column\" data-e-type=\"column\">\n\t\t\t<div class=\"elementor-widget-wrap elementor-element-populated\">\n\t\t\t\t\t\t<div class=\"elementor-element elementor-element-98800e4 elementor-widget elementor-widget-text-editor\" data-id=\"98800e4\" data-element_type=\"widget\" data-e-type=\"widget\" data-widget_type=\"text-editor.default\">\n\t\t\t\t<div class=\"elementor-widget-container\">\n\t\t\t\t\t\t\t\t\t<p style=\"margin-right: 0px; margin-bottom: 36px; margin-left: 0px; padding: 0px; border: 0px; font-variant-numeric: inherit; font-variant-east-asian: inherit; font-stretch: inherit; line-height: inherit; font-family: Raleway, sans-serif; vertical-align: baseline; outline: 0px; -webkit-font-smoothing: antialiased;\"><span style=\"margin: 0px; padding: 0px; border: 0px; font: inherit; vertical-align: baseline; outline: 0px; -webkit-font-smoothing: antialiased;\">Boost Holding AG<br style=\"margin: 0px; padding: 0px; border: 0px; font: inherit; vertical-align: baseline; outline: 0px; -webkit-font-smoothing: antialiased;\"><\/span><span style=\"margin: 0px; padding: 0px; border: 0px; font: inherit; vertical-align: baseline; outline: 0px; -webkit-font-smoothing: antialiased;\">Hinterbergstrasse 20<br style=\"margin: 0px; padding: 0px; border: 0px; font: inherit; vertical-align: baseline; outline: 0px; -webkit-font-smoothing: antialiased;\"><\/span><span style=\"margin: 0px; padding: 0px; border: 0px; font: inherit; vertical-align: baseline; outline: 0px; -webkit-font-smoothing: antialiased;\">6312 Steinhausen<br style=\"margin: 0px; padding: 0px; border: 0px; font: inherit; vertical-align: baseline; outline: 0px; -webkit-font-smoothing: antialiased;\"><\/span><span style=\"margin: 0px; padding: 0px; border: 0px; font: inherit; vertical-align: baseline; outline: 0px; -webkit-font-smoothing: antialiased;\">Schweiz<\/span><\/p>\n<p style=\"margin-right: 0px; margin-bottom: 36px; margin-left: 0px; padding: 0px; border: 0px; font-variant-numeric: inherit; font-variant-east-asian: inherit; font-stretch: inherit; line-height: inherit; font-family: Raleway, sans-serif; vertical-align: baseline; outline: 0px; -webkit-font-smoothing: antialiased;\"><span style=\"margin: 0px; padding: 0px; border: 0px; font: inherit; vertical-align: baseline; outline: 0px; -webkit-font-smoothing: antialiased;\">Tel: &nbsp;+41 58 201 99 99<br style=\"margin: 0px; padding: 0px; border: 0px; font: inherit; vertical-align: baseline; outline: 0px; -webkit-font-smoothing: antialiased;\"><\/span><span style=\"margin: 0px; padding: 0px; border: 0px; font: inherit; vertical-align: baseline; outline: 0px; -webkit-font-smoothing: antialiased;\">E-Mail-Adresse :&nbsp;<\/span><span style=\"margin: 0px; padding: 0px; border: 0px; font: inherit; vertical-align: baseline; outline: 0px; -webkit-font-smoothing: antialiased;\"><a style=\"margin: 0px; padding: 0px; border: 0px; font: inherit; vertical-align: baseline; outline: 0px; -webkit-font-smoothing: antialiased; transition: all 0.3s ease-in-out 0s; color: #f48c51;\">info@boostgroup.ch<br style=\"margin: 0px; padding: 0px; border: 0px; font: inherit; vertical-align: baseline; outline: 0px; -webkit-font-smoothing: antialiased;\"><\/a><\/span><span style=\"margin: 0px; padding: 0px; border: 0px; font: inherit; vertical-align: baseline; outline: 0px; -webkit-font-smoothing: antialiased;\">Web: www.boostgroup.ch<\/span><\/p>\n<p style=\"margin-right: 0px; margin-bottom: 36px; margin-left: 0px; padding: 0px; border: 0px; font-variant-numeric: inherit; font-variant-east-asian: inherit; font-stretch: inherit; line-height: inherit; font-family: Raleway, sans-serif; vertical-align: baseline; outline: 0px; -webkit-font-smoothing: antialiased;\"><span style=\"margin: 0px; padding: 0px; border: 0px; font: inherit; vertical-align: baseline; outline: 0px; -webkit-font-smoothing: antialiased;\">Vorsitzender der Gesch\u00e4ftsleitung &nbsp;: Mario Schwegler<br style=\"margin: 0px; padding: 0px; border: 0px; font: inherit; vertical-align: baseline; outline: 0px; -webkit-font-smoothing: antialiased;\"><\/span><span style=\"margin: 0px; padding: 0px; border: 0px; font: inherit; vertical-align: baseline; outline: 0px; -webkit-font-smoothing: antialiased;\">Verwaltungsratspr\u00e4sident &nbsp;: Michael Reinwald<\/span><\/p>\n<p style=\"margin-right: 0px; margin-bottom: 36px; margin-left: 0px; padding: 0px; border: 0px; font-variant-numeric: inherit; font-variant-east-asian: inherit; font-stretch: inherit; line-height: inherit; font-family: Raleway, sans-serif; vertical-align: baseline; outline: 0px; -webkit-font-smoothing: antialiased;\"><span style=\"margin: 0px; padding: 0px; border: 0px; font: inherit; vertical-align: baseline; outline: 0px; -webkit-font-smoothing: antialiased;\">Registergericht:&nbsp;<\/span><span style=\"margin: 0px; padding: 0px; border: 0px; font: inherit; vertical-align: baseline; outline: 0px; -webkit-font-smoothing: antialiased;\">Handelsregister- und Konkursamt des Kantons Zug<br style=\"margin: 0px; padding: 0px; border: 0px; font: inherit; vertical-align: baseline; outline: 0px; -webkit-font-smoothing: antialiased;\"><\/span><span style=\"margin: 0px; padding: 0px; border: 0px; font: inherit; vertical-align: baseline; outline: 0px; -webkit-font-smoothing: antialiased;\">Unternehmens-Identifikationsnummer (UID): CHE-113.868.646 (<\/span><span style=\"margin: 0px; padding: 0px; border: 0px; font: inherit; vertical-align: baseline; outline: 0px; -webkit-font-smoothing: antialiased;\"><a style=\"margin: 0px; padding: 0px; border: 0px; font: inherit; vertical-align: baseline; outline: 0px; -webkit-font-smoothing: antialiased; transition: all 0.3s ease-in-out 0s; color: #f48c51;\" href=\"https:\/\/zg.chregister.ch\/cr-portal\/auszug\/auszug.xhtml?uid=CHE-113.868.646\"><span style=\"margin: 0px; padding: 0px; border: 0px; font: inherit; vertical-align: baseline; outline: 0px; -webkit-font-smoothing: antialiased; color: #0563c1;\">Link zum Handelsregister<\/span><\/a> <span style=\"margin: 0px; padding: 0px; border: 0px; font: inherit; vertical-align: baseline; outline: 0px; -webkit-font-smoothing: antialiased;\">)<br style=\"margin: 0px; padding: 0px; border: 0px; font: inherit; vertical-align: baseline; outline: 0px; -webkit-font-smoothing: antialiased;\"><\/span><\/span><span style=\"margin: 0px; padding: 0px; border: 0px; font: inherit; vertical-align: baseline; outline: 0px; -webkit-font-smoothing: antialiased;\">VAT number: CHE-113.868.646 MWST<\/span><\/p>\n<p style=\"margin-right: 0px; margin-bottom: 36px; margin-left: 0px; padding: 0px; border: 0px; font-variant-numeric: inherit; font-variant-east-asian: inherit; font-stretch: inherit; line-height: inherit; font-family: Raleway, sans-serif; vertical-align: baseline; outline: 0px; -webkit-font-smoothing: antialiased;\"><span style=\"margin: 0px; padding: 0px; border: 0px; font: inherit; vertical-align: baseline; outline: 0px; -webkit-font-smoothing: antialiased;\">Zust\u00e4ndige Datenschutzvertretung Europa:&nbsp;:<br style=\"margin: 0px; padding: 0px; border: 0px; font: inherit; vertical-align: baseline; outline: 0px; -webkit-font-smoothing: antialiased;\"><\/span><span style=\"margin: 0px; padding: 0px; border: 0px; font: inherit; vertical-align: baseline; outline: 0px; -webkit-font-smoothing: antialiased;\">Boost Services B.V.<br style=\"margin: 0px; padding: 0px; border: 0px; font: inherit; vertical-align: baseline; outline: 0px; -webkit-font-smoothing: antialiased;\"><\/span><span style=\"margin: 0px; padding: 0px; border: 0px; font: inherit; vertical-align: baseline; outline: 0px; -webkit-font-smoothing: antialiased;\">Klompenmaker 2<br style=\"margin: 0px; padding: 0px; border: 0px; font: inherit; vertical-align: baseline; outline: 0px; -webkit-font-smoothing: antialiased;\"><\/span><span style=\"margin: 0px; padding: 0px; border: 0px; font: inherit; vertical-align: baseline; outline: 0px; -webkit-font-smoothing: antialiased;\">NL-5253 RH Nieuwkuijk<br style=\"margin: 0px; padding: 0px; border: 0px; font: inherit; vertical-align: baseline; outline: 0px; -webkit-font-smoothing: antialiased;\"><\/span><span style=\"margin: 0px; padding: 0px; border: 0px; font: inherit; vertical-align: baseline; outline: 0px; -webkit-font-smoothing: antialiased;\">Tel: +31 114 381 600<br style=\"margin: 0px; padding: 0px; border: 0px; font: inherit; vertical-align: baseline; outline: 0px; -webkit-font-smoothing: antialiased;\"><\/span><span style=\"margin: 0px; padding: 0px; border: 0px; font: inherit; vertical-align: baseline; outline: 0px; -webkit-font-smoothing: antialiased;\">E-Mail:&nbsp;<a style=\"margin: 0px; padding: 0px; border: 0px; font: inherit; vertical-align: baseline; outline: 0px; -webkit-font-smoothing: antialiased; transition: all 0.3s ease-in-out 0s; color: #f48c51;\">dataprivacy@boostgroup.eu<\/a><\/span><\/p>\n<p style=\"margin-right: 0px; margin-bottom: 36px; margin-left: 0px; padding: 0px; border: 0px; font-variant-numeric: inherit; font-variant-east-asian: inherit; font-stretch: inherit; line-height: inherit; font-family: Raleway, sans-serif; vertical-align: baseline; outline: 0px; -webkit-font-smoothing: antialiased;\"><span style=\"margin: 0px; padding: 0px; border: 0px; font: inherit; vertical-align: baseline; outline: 0px; -webkit-font-smoothing: antialiased;\">Urheberrecht<br style=\"margin: 0px; padding: 0px; border: 0px; font: inherit; vertical-align: baseline; outline: 0px; -webkit-font-smoothing: antialiased;\"><\/span><span style=\"margin: 0px; padding: 0px; border: 0px; font: inherit; vertical-align: baseline; outline: 0px; -webkit-font-smoothing: antialiased;\">Copyright 2020 Boost Holding AG. Alle Rechte vorbehalten. &nbsp;<\/span><\/p>\n<p style=\"margin-right: 0px; margin-bottom: 36px; margin-left: 0px; padding: 0px; border: 0px; font-variant-numeric: inherit; font-variant-east-asian: inherit; font-stretch: inherit; line-height: inherit; font-family: Raleway, sans-serif; vertical-align: baseline; outline: 0px; -webkit-font-smoothing: antialiased;\"><span style=\"margin: 0px; padding: 0px; border: 0px; font: inherit; vertical-align: baseline; outline: 0px; -webkit-font-smoothing: antialiased;\">Alle Inhalte (Texte, Bilder, Grafiken, Ton-, Video- und Animationsdateien sowie deren Anordnung u.a.) auf dem Online-Shop der Boost Holding AG unterliegen dem Schutz des Urheberrechts und anderer Schutzgesetze. Der Rechtsschutz gilt auch gegen\u00fcber Datenbanken und \u00e4hnlichen Einrichtungen. Die Inhalte sind nur f\u00fcr den bestimmungsgem\u00e4\u00dfen Abruf im Internet frei nutzbar. Die Inhalte dieser Webseite d\u00fcrfen au\u00dferhalb der Grenzen des Urheberrechts ohne schriftliche Genehmigung der Boost Holding AG nicht in irgendeiner Form vervielf\u00e4ltigt, verbreitet, ver\u00e4ndert oder Dritten zug\u00e4nglich gemacht werden. Einige Bereiche der Webseite der Boost Holding AG enthalten au\u00dferdem Bilder, die dem Copyright Dritter unterliegen. Soweit nicht anders angegeben, sind alle Markenzeichen auf des Online-Shops der Boost Holding AG markenrechtlich gesch\u00fctzt.     <\/span><\/p>\n<p style=\"margin-right: 0px; margin-bottom: 36px; margin-left: 0px; padding: 0px; border: 0px; font-variant-numeric: inherit; font-variant-east-asian: inherit; font-stretch: inherit; line-height: inherit; font-family: Raleway, sans-serif; vertical-align: baseline; outline: 0px; -webkit-font-smoothing: antialiased;\"><span style=\"margin: 0px; padding: 0px; border: 0px; font: inherit; vertical-align: baseline; outline: 0px; -webkit-font-smoothing: antialiased;\">Gew\u00e4hrleistung<\/span><\/p>\n<p style=\"margin-right: 0px; margin-bottom: 36px; margin-left: 0px; padding: 0px; border: 0px; font-variant-numeric: inherit; font-variant-east-asian: inherit; font-stretch: inherit; line-height: inherit; vertical-align: baseline; outline: 0px; -webkit-font-smoothing: antialiased;\">Alle Angaben dieses Internetangebotes wurden sorgf\u00e4ltig gepr\u00fcft. Wir bem\u00fchen uns, dieses Informationsangebot stetig zu erweitern und zu aktualisieren. Eine Garantie f\u00fcr die Vollst\u00e4ndigkeit, Richtigkeit und letzte Aktualit\u00e4t kann jedoch nicht \u00fcbernommen werden. Die Boost Holding AG stellt diese Informationen ohne jegliche Zusicherung oder Gew\u00e4hrleistung jedweder Art, sei sie ausdr\u00fccklich oder stillschweigend, zur Verf\u00fcgung. Die Boost Holding AG schlie\u00dft jegliche Haftung f\u00fcr Sch\u00e4den, die direkt oder indirekt aus der Benutzung dieser Website entstehen, aus, soweit diese nicht auf Vorsatz oder grober Fahrl\u00e4ssigkeit der Boost Holding AG beruhen.    &nbsp;<\/p>\n\t\t\t\t\t\t\t\t<\/div>\n\t\t\t\t<\/div>\n\t\t\t\t\t<\/div>\n\t\t<\/div>\n\t\t\t\t\t<\/div>\n\t\t<\/section>\n\t\t\t\t<\/div>\n\t\t","protected":false},"excerpt":{"rendered":"<p>Impressum Boost Holding AGHinterbergstrasse 206312 SteinhausenSchweiz Tel: &nbsp;+41 58 201 99 99E-Mail-Adresse :&nbsp;info@boostgroup.chWeb: www.boostgroup.ch Vorsitzender der Gesch\u00e4ftsleitung &nbsp;: Mario SchweglerVerwaltungsratspr\u00e4sident &nbsp;: Michael Reinwald Registergericht:&nbsp;Handelsregister- und Konkursamt des Kantons ZugUnternehmens-Identifikationsnummer (UID): CHE-113.868.646 (Link zum Handelsregister )VAT number: CHE-113.868.646 MWST Zust\u00e4ndige Datenschutzvertretung Europa:&nbsp;:Boost Services B.V.Klompenmaker 2NL-5253 RH NieuwkuijkTel: +31 114 381 600E-Mail:&nbsp;dataprivacy@boostgroup.eu UrheberrechtCopyright 2020 Boost Holding AG. [&hellip;]<\/p>\n","protected":false},"author":2,"featured_media":0,"parent":0,"menu_order":0,"comment_status":"closed","ping_status":"closed","template":"","meta":{"footnotes":""},"class_list":["post-7578","page","type-page","status-publish","hentry"],"yoast_head":"<!-- This site is optimized with the Yoast SEO plugin v26.8 - https:\/\/yoast.com\/product\/yoast-seo-wordpress\/ -->\n<title>Impressum - Boost Group<\/title>\n<meta name=\"robots\" content=\"index, follow, max-snippet:-1, max-image-preview:large, max-video-preview:-1\" \/>\n<link rel=\"canonical\" href=\"https:\/\/boostgroup.eu\/de\/impressum\" \/>\n<meta property=\"og:locale\" content=\"de_DE\" \/>\n<meta property=\"og:type\" content=\"article\" \/>\n<meta property=\"og:title\" content=\"Impressum - Boost Group\" \/>\n<meta property=\"og:description\" content=\"Impressum Boost Holding AGHinterbergstrasse 206312 SteinhausenSchweiz Tel: &nbsp;+41 58 201 99 99E-Mail-Adresse :&nbsp;info@boostgroup.chWeb: www.boostgroup.ch Vorsitzender der Gesch\u00e4ftsleitung &nbsp;: Mario SchweglerVerwaltungsratspr\u00e4sident &nbsp;: Michael Reinwald Registergericht:&nbsp;Handelsregister- und Konkursamt des Kantons ZugUnternehmens-Identifikationsnummer (UID): CHE-113.868.646 (Link zum Handelsregister )VAT number: CHE-113.868.646 MWST Zust\u00e4ndige Datenschutzvertretung Europa:&nbsp;:Boost Services B.V.Klompenmaker 2NL-5253 RH NieuwkuijkTel: +31 114 381 600E-Mail:&nbsp;dataprivacy@boostgroup.eu UrheberrechtCopyright 2020 Boost Holding AG. [&hellip;]\" \/>\n<meta property=\"og:url\" content=\"https:\/\/boostgroup.eu\/de\/impressum\" \/>\n<meta property=\"og:site_name\" content=\"Boost Group\" \/>\n<meta property=\"article:modified_time\" content=\"2022-09-22T15:15:20+00:00\" \/>\n<meta property=\"og:image\" content=\"https:\/\/boostgroup.eu\/wp-content\/uploads\/2025\/05\/BUTTON-Boost-RGB.png\" \/>\n\t<meta property=\"og:image:width\" content=\"264\" \/>\n\t<meta property=\"og:image:height\" content=\"263\" \/>\n\t<meta property=\"og:image:type\" content=\"image\/png\" \/>\n<meta name=\"twitter:card\" content=\"summary_large_image\" \/>\n<meta name=\"twitter:label1\" content=\"Gesch\u00e4tzte Lesezeit\" \/>\n\t<meta name=\"twitter:data1\" content=\"1\u00a0Minute\" \/>\n<script type=\"application\/ld+json\" class=\"yoast-schema-graph\">{\"@context\":\"https:\/\/schema.org\",\"@graph\":[{\"@type\":\"WebPage\",\"@id\":\"https:\/\/boostgroup.eu\/de\/impressum\",\"url\":\"https:\/\/boostgroup.eu\/de\/impressum\",\"name\":\"Impressum - Boost Group\",\"isPartOf\":{\"@id\":\"https:\/\/boostgroup.eu\/it\/#website\"},\"datePublished\":\"2021-10-22T12:39:56+00:00\",\"dateModified\":\"2022-09-22T15:15:20+00:00\",\"breadcrumb\":{\"@id\":\"https:\/\/boostgroup.eu\/de\/impressum#breadcrumb\"},\"inLanguage\":\"de\",\"potentialAction\":[{\"@type\":\"ReadAction\",\"target\":[\"https:\/\/boostgroup.eu\/de\/impressum\"]}]},{\"@type\":\"BreadcrumbList\",\"@id\":\"https:\/\/boostgroup.eu\/de\/impressum#breadcrumb\",\"itemListElement\":[{\"@type\":\"ListItem\",\"position\":1,\"name\":\"Home\",\"item\":\"https:\/\/boostgroup.eu\/de\/home\"},{\"@type\":\"ListItem\",\"position\":2,\"name\":\"Impressum\"}]},{\"@type\":\"WebSite\",\"@id\":\"https:\/\/boostgroup.eu\/it\/#website\",\"url\":\"https:\/\/boostgroup.eu\/it\/\",\"name\":\"Boost Group\",\"description\":\"\",\"publisher\":{\"@id\":\"https:\/\/boostgroup.eu\/it\/#organization\"},\"potentialAction\":[{\"@type\":\"SearchAction\",\"target\":{\"@type\":\"EntryPoint\",\"urlTemplate\":\"https:\/\/boostgroup.eu\/it\/?s={search_term_string}\"},\"query-input\":{\"@type\":\"PropertyValueSpecification\",\"valueRequired\":true,\"valueName\":\"search_term_string\"}}],\"inLanguage\":\"de\"},{\"@type\":\"Organization\",\"@id\":\"https:\/\/boostgroup.eu\/it\/#organization\",\"name\":\"Boost Group\",\"url\":\"https:\/\/boostgroup.eu\/it\/\",\"logo\":{\"@type\":\"ImageObject\",\"inLanguage\":\"de\",\"@id\":\"https:\/\/boostgroup.eu\/it\/#\/schema\/logo\/image\/\",\"url\":\"https:\/\/boostgroup.eu\/wp-content\/uploads\/2021\/10\/BOOST-SINGLE-LOGO-SCREEN-RGB-2021_2.png\",\"contentUrl\":\"https:\/\/boostgroup.eu\/wp-content\/uploads\/2021\/10\/BOOST-SINGLE-LOGO-SCREEN-RGB-2021_2.png\",\"width\":100,\"height\":39,\"caption\":\"Boost Group\"},\"image\":{\"@id\":\"https:\/\/boostgroup.eu\/it\/#\/schema\/logo\/image\/\"}}]}<\/script>\n<!-- \/ Yoast SEO plugin. -->","yoast_head_json":{"title":"Impressum - Boost Group","robots":{"index":"index","follow":"follow","max-snippet":"max-snippet:-1","max-image-preview":"max-image-preview:large","max-video-preview":"max-video-preview:-1"},"canonical":"https:\/\/boostgroup.eu\/de\/impressum","og_locale":"de_DE","og_type":"article","og_title":"Impressum - Boost Group","og_description":"Impressum Boost Holding AGHinterbergstrasse 206312 SteinhausenSchweiz Tel: &nbsp;+41 58 201 99 99E-Mail-Adresse :&nbsp;info@boostgroup.chWeb: www.boostgroup.ch Vorsitzender der Gesch\u00e4ftsleitung &nbsp;: Mario SchweglerVerwaltungsratspr\u00e4sident &nbsp;: Michael Reinwald Registergericht:&nbsp;Handelsregister- und Konkursamt des Kantons ZugUnternehmens-Identifikationsnummer (UID): CHE-113.868.646 (Link zum Handelsregister )VAT number: CHE-113.868.646 MWST Zust\u00e4ndige Datenschutzvertretung Europa:&nbsp;:Boost Services B.V.Klompenmaker 2NL-5253 RH NieuwkuijkTel: +31 114 381 600E-Mail:&nbsp;dataprivacy@boostgroup.eu UrheberrechtCopyright 2020 Boost Holding AG. [&hellip;]","og_url":"https:\/\/boostgroup.eu\/de\/impressum","og_site_name":"Boost Group","article_modified_time":"2022-09-22T15:15:20+00:00","og_image":[{"width":264,"height":263,"url":"https:\/\/boostgroup.eu\/wp-content\/uploads\/2025\/05\/BUTTON-Boost-RGB.png","type":"image\/png"}],"twitter_card":"summary_large_image","twitter_misc":{"Gesch\u00e4tzte Lesezeit":"1\u00a0Minute"},"schema":{"@context":"https:\/\/schema.org","@graph":[{"@type":"WebPage","@id":"https:\/\/boostgroup.eu\/de\/impressum","url":"https:\/\/boostgroup.eu\/de\/impressum","name":"Impressum - Boost Group","isPartOf":{"@id":"https:\/\/boostgroup.eu\/it\/#website"},"datePublished":"2021-10-22T12:39:56+00:00","dateModified":"2022-09-22T15:15:20+00:00","breadcrumb":{"@id":"https:\/\/boostgroup.eu\/de\/impressum#breadcrumb"},"inLanguage":"de","potentialAction":[{"@type":"ReadAction","target":["https:\/\/boostgroup.eu\/de\/impressum"]}]},{"@type":"BreadcrumbList","@id":"https:\/\/boostgroup.eu\/de\/impressum#breadcrumb","itemListElement":[{"@type":"ListItem","position":1,"name":"Home","item":"https:\/\/boostgroup.eu\/de\/home"},{"@type":"ListItem","position":2,"name":"Impressum"}]},{"@type":"WebSite","@id":"https:\/\/boostgroup.eu\/it\/#website","url":"https:\/\/boostgroup.eu\/it\/","name":"Boost Group","description":"","publisher":{"@id":"https:\/\/boostgroup.eu\/it\/#organization"},"potentialAction":[{"@type":"SearchAction","target":{"@type":"EntryPoint","urlTemplate":"https:\/\/boostgroup.eu\/it\/?s={search_term_string}"},"query-input":{"@type":"PropertyValueSpecification","valueRequired":true,"valueName":"search_term_string"}}],"inLanguage":"de"},{"@type":"Organization","@id":"https:\/\/boostgroup.eu\/it\/#organization","name":"Boost Group","url":"https:\/\/boostgroup.eu\/it\/","logo":{"@type":"ImageObject","inLanguage":"de","@id":"https:\/\/boostgroup.eu\/it\/#\/schema\/logo\/image\/","url":"https:\/\/boostgroup.eu\/wp-content\/uploads\/2021\/10\/BOOST-SINGLE-LOGO-SCREEN-RGB-2021_2.png","contentUrl":"https:\/\/boostgroup.eu\/wp-content\/uploads\/2021\/10\/BOOST-SINGLE-LOGO-SCREEN-RGB-2021_2.png","width":100,"height":39,"caption":"Boost Group"},"image":{"@id":"https:\/\/boostgroup.eu\/it\/#\/schema\/logo\/image\/"}}]}},"_links":{"self":[{"href":"https:\/\/boostgroup.eu\/de\/wp-json\/wp\/v2\/pages\/7578","targetHints":{"allow":["GET"]}}],"collection":[{"href":"https:\/\/boostgroup.eu\/de\/wp-json\/wp\/v2\/pages"}],"about":[{"href":"https:\/\/boostgroup.eu\/de\/wp-json\/wp\/v2\/types\/page"}],"author":[{"embeddable":true,"href":"https:\/\/boostgroup.eu\/de\/wp-json\/wp\/v2\/users\/2"}],"replies":[{"embeddable":true,"href":"https:\/\/boostgroup.eu\/de\/wp-json\/wp\/v2\/comments?post=7578"}],"version-history":[{"count":4,"href":"https:\/\/boostgroup.eu\/de\/wp-json\/wp\/v2\/pages\/7578\/revisions"}],"predecessor-version":[{"id":34074,"href":"https:\/\/boostgroup.eu\/de\/wp-json\/wp\/v2\/pages\/7578\/revisions\/34074"}],"wp:attachment":[{"href":"https:\/\/boostgroup.eu\/de\/wp-json\/wp\/v2\/media?parent=7578"}],"curies":[{"name":"wp","href":"https:\/\/api.w.org\/{rel}","templated":true}]}}