{"id":7571,"date":"2021-10-22T12:39:56","date_gmt":"2021-10-22T12:39:56","guid":{"rendered":"https:\/\/boosttest.org\/impressum"},"modified":"2022-09-22T15:07:45","modified_gmt":"2022-09-22T15:07:45","slug":"impressum","status":"publish","type":"page","link":"https:\/\/boostgroup.eu\/fr\/impressum","title":{"rendered":"Impressum"},"content":{"rendered":"\t\t<div data-elementor-type=\"wp-page\" data-elementor-id=\"7571\" class=\"elementor elementor-7571 elementor-2909\" data-elementor-post-type=\"page\">\n\t\t\t\t\t\t<section class=\"elementor-section elementor-top-section elementor-element elementor-element-e4f4a07 elementor-section-boxed elementor-section-height-default elementor-section-height-default\" data-id=\"e4f4a07\" data-element_type=\"section\" data-e-type=\"section\">\n\t\t\t\t\t\t<div class=\"elementor-container elementor-column-gap-default\">\n\t\t\t\t\t<div class=\"elementor-column elementor-col-100 elementor-top-column elementor-element elementor-element-6760f00\" data-id=\"6760f00\" data-element_type=\"column\" data-e-type=\"column\">\n\t\t\t<div class=\"elementor-widget-wrap elementor-element-populated\">\n\t\t\t\t\t\t<div class=\"elementor-element elementor-element-3381ad6 elementor-widget elementor-widget-heading\" data-id=\"3381ad6\" data-element_type=\"widget\" data-e-type=\"widget\" data-widget_type=\"heading.default\">\n\t\t\t\t<div class=\"elementor-widget-container\">\n\t\t\t\t\t<h2 class=\"elementor-heading-title elementor-size-default\">Impressum<\/h2>\t\t\t\t<\/div>\n\t\t\t\t<\/div>\n\t\t\t\t\t<\/div>\n\t\t<\/div>\n\t\t\t\t\t<\/div>\n\t\t<\/section>\n\t\t\t\t<section class=\"elementor-section elementor-top-section elementor-element elementor-element-cf66613 elementor-section-boxed elementor-section-height-default elementor-section-height-default\" data-id=\"cf66613\" data-element_type=\"section\" data-e-type=\"section\">\n\t\t\t\t\t\t<div class=\"elementor-container elementor-column-gap-default\">\n\t\t\t\t\t<div class=\"elementor-column elementor-col-100 elementor-top-column elementor-element elementor-element-7075d11\" data-id=\"7075d11\" data-element_type=\"column\" data-e-type=\"column\">\n\t\t\t<div class=\"elementor-widget-wrap elementor-element-populated\">\n\t\t\t\t\t\t<div class=\"elementor-element elementor-element-98800e4 elementor-widget elementor-widget-text-editor\" data-id=\"98800e4\" data-element_type=\"widget\" data-e-type=\"widget\" data-widget_type=\"text-editor.default\">\n\t\t\t\t<div class=\"elementor-widget-container\">\n\t\t\t\t\t\t\t\t\t<p style=\"margin-right: 0px; margin-bottom: 36px; margin-left: 0px; padding: 0px; border: 0px; font-variant-numeric: inherit; font-variant-east-asian: inherit; font-stretch: inherit; line-height: inherit; font-family: Raleway, sans-serif; vertical-align: baseline; outline: 0px; -webkit-font-smoothing: antialiased;\"><span style=\"margin: 0px; padding: 0px; border: 0px; font: inherit; vertical-align: baseline; outline: 0px; -webkit-font-smoothing: antialiased;\">Boost Holding AG<br style=\"margin: 0px; padding: 0px; border: 0px; font: inherit; vertical-align: baseline; outline: 0px; -webkit-font-smoothing: antialiased;\"><\/span><span style=\"margin: 0px; padding: 0px; border: 0px; font: inherit; vertical-align: baseline; outline: 0px; -webkit-font-smoothing: antialiased;\">Hinterbergstrasse 20<br style=\"margin: 0px; padding: 0px; border: 0px; font: inherit; vertical-align: baseline; outline: 0px; -webkit-font-smoothing: antialiased;\"><\/span><span style=\"margin: 0px; padding: 0px; border: 0px; font: inherit; vertical-align: baseline; outline: 0px; -webkit-font-smoothing: antialiased;\">6312 Steinhausen<br style=\"margin: 0px; padding: 0px; border: 0px; font: inherit; vertical-align: baseline; outline: 0px; -webkit-font-smoothing: antialiased;\"><\/span><span style=\"margin: 0px; padding: 0px; border: 0px; font: inherit; vertical-align: baseline; outline: 0px; -webkit-font-smoothing: antialiased;\">Suisse<\/span><\/p>\n<p style=\"margin-right: 0px; margin-bottom: 36px; margin-left: 0px; padding: 0px; border: 0px; font-variant-numeric: inherit; font-variant-east-asian: inherit; font-stretch: inherit; line-height: inherit; font-family: Raleway, sans-serif; vertical-align: baseline; outline: 0px; -webkit-font-smoothing: antialiased;\"><span style=\"margin: 0px; padding: 0px; border: 0px; font: inherit; vertical-align: baseline; outline: 0px; -webkit-font-smoothing: antialiased;\">T\u00e9l: &nbsp;+41 58 201 99 99<br style=\"margin: 0px; padding: 0px; border: 0px; font: inherit; vertical-align: baseline; outline: 0px; -webkit-font-smoothing: antialiased;\"><\/span><span style=\"margin: 0px; padding: 0px; border: 0px; font: inherit; vertical-align: baseline; outline: 0px; -webkit-font-smoothing: antialiased;\">Adresse e-Mail:&nbsp;<\/span><span style=\"margin: 0px; padding: 0px; border: 0px; font: inherit; vertical-align: baseline; outline: 0px; -webkit-font-smoothing: antialiased;\"><a style=\"margin: 0px; padding: 0px; border: 0px; font: inherit; vertical-align: baseline; outline: 0px; -webkit-font-smoothing: antialiased; transition: all 0.3s ease-in-out 0s; color: #f48c51;\">info@boostgroup.ch<br style=\"margin: 0px; padding: 0px; border: 0px; font: inherit; vertical-align: baseline; outline: 0px; -webkit-font-smoothing: antialiased;\"><\/a><\/span><span style=\"margin: 0px; padding: 0px; border: 0px; font: inherit; vertical-align: baseline; outline: 0px; -webkit-font-smoothing: antialiased;\">Site Web: www.boostgroup.ch<\/span><\/p>\n<p style=\"margin-right: 0px; margin-bottom: 36px; margin-left: 0px; padding: 0px; border: 0px; font-variant-numeric: inherit; font-variant-east-asian: inherit; font-stretch: inherit; line-height: inherit; font-family: Raleway, sans-serif; vertical-align: baseline; outline: 0px; -webkit-font-smoothing: antialiased;\"><span style=\"margin: 0px; padding: 0px; border: 0px; font: inherit; vertical-align: baseline; outline: 0px; -webkit-font-smoothing: antialiased;\">CEO&nbsp;: Mario Schwegler<br style=\"margin: 0px; padding: 0px; border: 0px; font: inherit; vertical-align: baseline; outline: 0px; -webkit-font-smoothing: antialiased;\"><\/span><span style=\"margin: 0px; padding: 0px; border: 0px; font: inherit; vertical-align: baseline; outline: 0px; -webkit-font-smoothing: antialiased;\">Pr\u00e9sident du conseil d\u2019administration&nbsp;: Michael Reinwald<\/span><\/p>\n<p style=\"margin-right: 0px; margin-bottom: 36px; margin-left: 0px; padding: 0px; border: 0px; font-variant-numeric: inherit; font-variant-east-asian: inherit; font-stretch: inherit; line-height: inherit; font-family: Raleway, sans-serif; vertical-align: baseline; outline: 0px; -webkit-font-smoothing: antialiased;\"><span style=\"margin: 0px; padding: 0px; border: 0px; font: inherit; vertical-align: baseline; outline: 0px; -webkit-font-smoothing: antialiased;\">Registre du commerce:&nbsp;<\/span><span style=\"margin: 0px; padding: 0px; border: 0px; font: inherit; vertical-align: baseline; outline: 0px; -webkit-font-smoothing: antialiased;\">Office du registre du commerce et des faillites du canton de Zoug<br style=\"margin: 0px; padding: 0px; border: 0px; font: inherit; vertical-align: baseline; outline: 0px; -webkit-font-smoothing: antialiased;\"><\/span><span style=\"margin: 0px; padding: 0px; border: 0px; font: inherit; vertical-align: baseline; outline: 0px; -webkit-font-smoothing: antialiased;\">Num\u00e9ro d&rsquo;identification de l&rsquo;entreprise (IDE) : CHE-113.868.646 (<\/span><span style=\"margin: 0px; padding: 0px; border: 0px; font: inherit; vertical-align: baseline; outline: 0px; -webkit-font-smoothing: antialiased;\"><a style=\"margin: 0px; padding: 0px; border: 0px; font: inherit; vertical-align: baseline; outline: 0px; -webkit-font-smoothing: antialiased; transition: all 0.3s ease-in-out 0s; color: #f48c51;\" href=\"https:\/\/zg.chregister.ch\/cr-portal\/auszug\/auszug.xhtml?uid=CHE-113.868.646\"><span style=\"margin: 0px; padding: 0px; border: 0px; font: inherit; vertical-align: baseline; outline: 0px; -webkit-font-smoothing: antialiased; color: #0563c1;\">Lien vers le registre du commerce<\/span><\/a> <span style=\"margin: 0px; padding: 0px; border: 0px; font: inherit; vertical-align: baseline; outline: 0px; -webkit-font-smoothing: antialiased;\">)<br style=\"margin: 0px; padding: 0px; border: 0px; font: inherit; vertical-align: baseline; outline: 0px; -webkit-font-smoothing: antialiased;\"><\/span><\/span><span style=\"margin: 0px; padding: 0px; border: 0px; font: inherit; vertical-align: baseline; outline: 0px; -webkit-font-smoothing: antialiased;\">Num. TVA: CHE-113.868.646 <\/span><\/p>\n<p style=\"margin-right: 0px; margin-bottom: 36px; margin-left: 0px; padding: 0px; border: 0px; font-variant-numeric: inherit; font-variant-east-asian: inherit; font-stretch: inherit; line-height: inherit; font-family: Raleway, sans-serif; vertical-align: baseline; outline: 0px; -webkit-font-smoothing: antialiased;\"><span style=\"margin: 0px; padding: 0px; border: 0px; font: inherit; vertical-align: baseline; outline: 0px; -webkit-font-smoothing: antialiased;\">Repr\u00e9sentation comp\u00e9tente pour la protection des donn\u00e9es en Europe :&nbsp;:<br style=\"margin: 0px; padding: 0px; border: 0px; font: inherit; vertical-align: baseline; outline: 0px; -webkit-font-smoothing: antialiased;\"><\/span><span style=\"margin: 0px; padding: 0px; border: 0px; font: inherit; vertical-align: baseline; outline: 0px; -webkit-font-smoothing: antialiased;\">Boost Services B.V.<br style=\"margin: 0px; padding: 0px; border: 0px; font: inherit; vertical-align: baseline; outline: 0px; -webkit-font-smoothing: antialiased;\"><\/span><span style=\"margin: 0px; padding: 0px; border: 0px; font: inherit; vertical-align: baseline; outline: 0px; -webkit-font-smoothing: antialiased;\">Klompenmaker 2<br style=\"margin: 0px; padding: 0px; border: 0px; font: inherit; vertical-align: baseline; outline: 0px; -webkit-font-smoothing: antialiased;\"><\/span><span style=\"margin: 0px; padding: 0px; border: 0px; font: inherit; vertical-align: baseline; outline: 0px; -webkit-font-smoothing: antialiased;\">NL-5253 RH Nieuwkuijk<br style=\"margin: 0px; padding: 0px; border: 0px; font: inherit; vertical-align: baseline; outline: 0px; -webkit-font-smoothing: antialiased;\"><\/span><span style=\"margin: 0px; padding: 0px; border: 0px; font: inherit; vertical-align: baseline; outline: 0px; -webkit-font-smoothing: antialiased;\">Tel: +31 114 381 600<br style=\"margin: 0px; padding: 0px; border: 0px; font: inherit; vertical-align: baseline; outline: 0px; -webkit-font-smoothing: antialiased;\"><\/span><span style=\"margin: 0px; padding: 0px; border: 0px; font: inherit; vertical-align: baseline; outline: 0px; -webkit-font-smoothing: antialiased;\">E-Mail:&nbsp;<a style=\"margin: 0px; padding: 0px; border: 0px; font: inherit; vertical-align: baseline; outline: 0px; -webkit-font-smoothing: antialiased; transition: all 0.3s ease-in-out 0s; color: #f48c51;\">dataprivacy@boostgroup.eu<\/a><\/span><\/p>\n<p style=\"margin-right: 0px; margin-bottom: 36px; margin-left: 0px; padding: 0px; border: 0px; font-variant-numeric: inherit; font-variant-east-asian: inherit; font-stretch: inherit; line-height: inherit; font-family: Raleway, sans-serif; vertical-align: baseline; outline: 0px; -webkit-font-smoothing: antialiased;\"><span style=\"margin: 0px; padding: 0px; border: 0px; font: inherit; vertical-align: baseline; outline: 0px; -webkit-font-smoothing: antialiased;\">Copyright<br style=\"margin: 0px; padding: 0px; border: 0px; font: inherit; vertical-align: baseline; outline: 0px; -webkit-font-smoothing: antialiased;\"><\/span><span style=\"margin: 0px; padding: 0px; border: 0px; font: inherit; vertical-align: baseline; outline: 0px; -webkit-font-smoothing: antialiased;\">Copyright 2020 Boost Holding AG. Tous droits r\u00e9serv\u00e9s &nbsp;<\/span><\/p>\n<p style=\"margin-right: 0px; margin-bottom: 36px; margin-left: 0px; padding: 0px; border: 0px; font-variant-numeric: inherit; font-variant-east-asian: inherit; font-stretch: inherit; line-height: inherit; font-family: Raleway, sans-serif; vertical-align: baseline; outline: 0px; -webkit-font-smoothing: antialiased;\"><span style=\"margin: 0px; padding: 0px; border: 0px; font: inherit; vertical-align: baseline; outline: 0px; -webkit-font-smoothing: antialiased;\">Tous les contenus (textes, images, graphiques, fichiers sonores, vid\u00e9o et d\u2019animation ainsi que leur disposition, etc.) sur la boutique en ligne de Boost Holding AG sont soumis \u00e0 la protection du droit d\u2019auteur et d\u2019autres lois de protection. La protection juridique s\u2019applique \u00e9galement aux bases de donn\u00e9es et aux institutions similaires. Le contenu ne peut \u00eatre librement utilis\u00e9 que pour la r\u00e9cup\u00e9ration pr\u00e9vue sur Internet. Le contenu de ce site web ne peut \u00eatre reproduit, distribu\u00e9, modifi\u00e9 ou rendu accessible \u00e0 des tiers sous quelque forme que ce soit en dehors des limites de la loi sur le droit d\u2019auteur sans le consentement \u00e9crit de Boost Holding AG. Certaines zones du site Web de Boost Holding AG contiennent \u00e9galement des images soumises au droit d\u2019auteur de tiers. Sauf indication contraire, toutes les marques de la boutique en ligne de Boost Holding AG sont prot\u00e9g\u00e9es par le droit des marques.     <\/span><\/p>\n<p style=\"margin-right: 0px; margin-bottom: 36px; margin-left: 0px; padding: 0px; border: 0px; font-variant-numeric: inherit; font-variant-east-asian: inherit; font-stretch: inherit; line-height: inherit; font-family: Raleway, sans-serif; vertical-align: baseline; outline: 0px; -webkit-font-smoothing: antialiased;\"><span style=\"margin: 0px; padding: 0px; border: 0px; font: inherit; vertical-align: baseline; outline: 0px; -webkit-font-smoothing: antialiased;\">Garantie<\/span><\/p>\n<p style=\"margin-right: 0px; margin-bottom: 36px; margin-left: 0px; padding: 0px; border: 0px; font-variant-numeric: inherit; font-variant-east-asian: inherit; font-stretch: inherit; line-height: inherit; vertical-align: baseline; outline: 0px; -webkit-font-smoothing: antialiased;\">Toutes les informations de ce site web ont \u00e9t\u00e9 soigneusement v\u00e9rifi\u00e9es. Nous nous effor\u00e7ons d\u2019\u00e9largir et de mettre \u00e0 jour constamment ces informations. Cependant, une garantie d\u2019exhaustivit\u00e9, d\u2019exactitude et d\u2019actualit\u00e9 ne peut \u00eatre assum\u00e9e. Boost Holding AG fournit ces informations sans aucune assurance ou garantie d\u2019aucune sorte, expresse ou implicite. Boost Holding AG exclut toute responsabilit\u00e9 pour les dommages r\u00e9sultant directement ou indirectement de l\u2019utilisation de ce site web, dans la mesure o\u00f9 ceux-ci ne sont pas bas\u00e9s sur une intention ou une n\u00e9gligence grave de la part de Boost Holding AG .    &nbsp;<\/p>\n\t\t\t\t\t\t\t\t<\/div>\n\t\t\t\t<\/div>\n\t\t\t\t\t<\/div>\n\t\t<\/div>\n\t\t\t\t\t<\/div>\n\t\t<\/section>\n\t\t\t\t<\/div>\n\t\t","protected":false},"excerpt":{"rendered":"<p>Impressum Boost Holding AGHinterbergstrasse 206312 SteinhausenSuisse T\u00e9l: &nbsp;+41 58 201 99 99Adresse e-Mail:&nbsp;info@boostgroup.chSite Web: www.boostgroup.ch CEO&nbsp;: Mario SchweglerPr\u00e9sident du conseil d\u2019administration&nbsp;: Michael Reinwald Registre du commerce:&nbsp;Office du registre du commerce et des faillites du canton de ZougNum\u00e9ro d&rsquo;identification de l&rsquo;entreprise (IDE) : CHE-113.868.646 (Lien vers le registre du commerce )Num. TVA: CHE-113.868.646 Repr\u00e9sentation comp\u00e9tente pour [&hellip;]<\/p>\n","protected":false},"author":2,"featured_media":0,"parent":0,"menu_order":0,"comment_status":"closed","ping_status":"closed","template":"","meta":{"footnotes":""},"class_list":["post-7571","page","type-page","status-publish","hentry"],"yoast_head":"<!-- This site is optimized with the Yoast SEO plugin v26.8 - https:\/\/yoast.com\/product\/yoast-seo-wordpress\/ -->\n<title>Impressum - Boost Group<\/title>\n<meta name=\"robots\" content=\"index, follow, max-snippet:-1, max-image-preview:large, max-video-preview:-1\" \/>\n<link rel=\"canonical\" href=\"https:\/\/boostgroup.eu\/fr\/impressum\" \/>\n<meta property=\"og:locale\" content=\"fr_FR\" \/>\n<meta property=\"og:type\" content=\"article\" \/>\n<meta property=\"og:title\" content=\"Impressum - Boost Group\" \/>\n<meta property=\"og:description\" content=\"Impressum Boost Holding AGHinterbergstrasse 206312 SteinhausenSuisse T\u00e9l: &nbsp;+41 58 201 99 99Adresse e-Mail:&nbsp;info@boostgroup.chSite Web: www.boostgroup.ch CEO&nbsp;: Mario SchweglerPr\u00e9sident du conseil d\u2019administration&nbsp;: Michael Reinwald Registre du commerce:&nbsp;Office du registre du commerce et des faillites du canton de ZougNum\u00e9ro d&rsquo;identification de l&rsquo;entreprise (IDE) : CHE-113.868.646 (Lien vers le registre du commerce )Num. TVA: CHE-113.868.646 Repr\u00e9sentation comp\u00e9tente pour [&hellip;]\" \/>\n<meta property=\"og:url\" content=\"https:\/\/boostgroup.eu\/fr\/impressum\" \/>\n<meta property=\"og:site_name\" content=\"Boost Group\" \/>\n<meta property=\"article:modified_time\" content=\"2022-09-22T15:07:45+00:00\" \/>\n<meta property=\"og:image\" content=\"https:\/\/boostgroup.eu\/wp-content\/uploads\/2025\/05\/BUTTON-Boost-RGB.png\" \/>\n\t<meta property=\"og:image:width\" content=\"264\" \/>\n\t<meta property=\"og:image:height\" content=\"263\" \/>\n\t<meta property=\"og:image:type\" content=\"image\/png\" \/>\n<meta name=\"twitter:card\" content=\"summary_large_image\" \/>\n<meta name=\"twitter:label1\" content=\"Dur\u00e9e de lecture estim\u00e9e\" \/>\n\t<meta name=\"twitter:data1\" content=\"2 minutes\" \/>\n<script type=\"application\/ld+json\" class=\"yoast-schema-graph\">{\"@context\":\"https:\/\/schema.org\",\"@graph\":[{\"@type\":\"WebPage\",\"@id\":\"https:\/\/boostgroup.eu\/fr\/impressum\",\"url\":\"https:\/\/boostgroup.eu\/fr\/impressum\",\"name\":\"Impressum - Boost Group\",\"isPartOf\":{\"@id\":\"https:\/\/boostgroup.eu\/it\/#website\"},\"datePublished\":\"2021-10-22T12:39:56+00:00\",\"dateModified\":\"2022-09-22T15:07:45+00:00\",\"breadcrumb\":{\"@id\":\"https:\/\/boostgroup.eu\/fr\/impressum#breadcrumb\"},\"inLanguage\":\"fr-FR\",\"potentialAction\":[{\"@type\":\"ReadAction\",\"target\":[\"https:\/\/boostgroup.eu\/fr\/impressum\"]}]},{\"@type\":\"BreadcrumbList\",\"@id\":\"https:\/\/boostgroup.eu\/fr\/impressum#breadcrumb\",\"itemListElement\":[{\"@type\":\"ListItem\",\"position\":1,\"name\":\"Home\",\"item\":\"https:\/\/boostgroup.eu\/fr\/home\"},{\"@type\":\"ListItem\",\"position\":2,\"name\":\"Impressum\"}]},{\"@type\":\"WebSite\",\"@id\":\"https:\/\/boostgroup.eu\/it\/#website\",\"url\":\"https:\/\/boostgroup.eu\/it\/\",\"name\":\"Boost Group\",\"description\":\"\",\"publisher\":{\"@id\":\"https:\/\/boostgroup.eu\/it\/#organization\"},\"potentialAction\":[{\"@type\":\"SearchAction\",\"target\":{\"@type\":\"EntryPoint\",\"urlTemplate\":\"https:\/\/boostgroup.eu\/it\/?s={search_term_string}\"},\"query-input\":{\"@type\":\"PropertyValueSpecification\",\"valueRequired\":true,\"valueName\":\"search_term_string\"}}],\"inLanguage\":\"fr-FR\"},{\"@type\":\"Organization\",\"@id\":\"https:\/\/boostgroup.eu\/it\/#organization\",\"name\":\"Boost Group\",\"url\":\"https:\/\/boostgroup.eu\/it\/\",\"logo\":{\"@type\":\"ImageObject\",\"inLanguage\":\"fr-FR\",\"@id\":\"https:\/\/boostgroup.eu\/it\/#\/schema\/logo\/image\/\",\"url\":\"https:\/\/boostgroup.eu\/wp-content\/uploads\/2021\/10\/BOOST-SINGLE-LOGO-SCREEN-RGB-2021_2.png\",\"contentUrl\":\"https:\/\/boostgroup.eu\/wp-content\/uploads\/2021\/10\/BOOST-SINGLE-LOGO-SCREEN-RGB-2021_2.png\",\"width\":100,\"height\":39,\"caption\":\"Boost Group\"},\"image\":{\"@id\":\"https:\/\/boostgroup.eu\/it\/#\/schema\/logo\/image\/\"}}]}<\/script>\n<!-- \/ Yoast SEO plugin. -->","yoast_head_json":{"title":"Impressum - Boost Group","robots":{"index":"index","follow":"follow","max-snippet":"max-snippet:-1","max-image-preview":"max-image-preview:large","max-video-preview":"max-video-preview:-1"},"canonical":"https:\/\/boostgroup.eu\/fr\/impressum","og_locale":"fr_FR","og_type":"article","og_title":"Impressum - Boost Group","og_description":"Impressum Boost Holding AGHinterbergstrasse 206312 SteinhausenSuisse T\u00e9l: &nbsp;+41 58 201 99 99Adresse e-Mail:&nbsp;info@boostgroup.chSite Web: www.boostgroup.ch CEO&nbsp;: Mario SchweglerPr\u00e9sident du conseil d\u2019administration&nbsp;: Michael Reinwald Registre du commerce:&nbsp;Office du registre du commerce et des faillites du canton de ZougNum\u00e9ro d&rsquo;identification de l&rsquo;entreprise (IDE) : CHE-113.868.646 (Lien vers le registre du commerce )Num. TVA: CHE-113.868.646 Repr\u00e9sentation comp\u00e9tente pour [&hellip;]","og_url":"https:\/\/boostgroup.eu\/fr\/impressum","og_site_name":"Boost Group","article_modified_time":"2022-09-22T15:07:45+00:00","og_image":[{"width":264,"height":263,"url":"https:\/\/boostgroup.eu\/wp-content\/uploads\/2025\/05\/BUTTON-Boost-RGB.png","type":"image\/png"}],"twitter_card":"summary_large_image","twitter_misc":{"Dur\u00e9e de lecture estim\u00e9e":"2 minutes"},"schema":{"@context":"https:\/\/schema.org","@graph":[{"@type":"WebPage","@id":"https:\/\/boostgroup.eu\/fr\/impressum","url":"https:\/\/boostgroup.eu\/fr\/impressum","name":"Impressum - Boost Group","isPartOf":{"@id":"https:\/\/boostgroup.eu\/it\/#website"},"datePublished":"2021-10-22T12:39:56+00:00","dateModified":"2022-09-22T15:07:45+00:00","breadcrumb":{"@id":"https:\/\/boostgroup.eu\/fr\/impressum#breadcrumb"},"inLanguage":"fr-FR","potentialAction":[{"@type":"ReadAction","target":["https:\/\/boostgroup.eu\/fr\/impressum"]}]},{"@type":"BreadcrumbList","@id":"https:\/\/boostgroup.eu\/fr\/impressum#breadcrumb","itemListElement":[{"@type":"ListItem","position":1,"name":"Home","item":"https:\/\/boostgroup.eu\/fr\/home"},{"@type":"ListItem","position":2,"name":"Impressum"}]},{"@type":"WebSite","@id":"https:\/\/boostgroup.eu\/it\/#website","url":"https:\/\/boostgroup.eu\/it\/","name":"Boost Group","description":"","publisher":{"@id":"https:\/\/boostgroup.eu\/it\/#organization"},"potentialAction":[{"@type":"SearchAction","target":{"@type":"EntryPoint","urlTemplate":"https:\/\/boostgroup.eu\/it\/?s={search_term_string}"},"query-input":{"@type":"PropertyValueSpecification","valueRequired":true,"valueName":"search_term_string"}}],"inLanguage":"fr-FR"},{"@type":"Organization","@id":"https:\/\/boostgroup.eu\/it\/#organization","name":"Boost Group","url":"https:\/\/boostgroup.eu\/it\/","logo":{"@type":"ImageObject","inLanguage":"fr-FR","@id":"https:\/\/boostgroup.eu\/it\/#\/schema\/logo\/image\/","url":"https:\/\/boostgroup.eu\/wp-content\/uploads\/2021\/10\/BOOST-SINGLE-LOGO-SCREEN-RGB-2021_2.png","contentUrl":"https:\/\/boostgroup.eu\/wp-content\/uploads\/2021\/10\/BOOST-SINGLE-LOGO-SCREEN-RGB-2021_2.png","width":100,"height":39,"caption":"Boost Group"},"image":{"@id":"https:\/\/boostgroup.eu\/it\/#\/schema\/logo\/image\/"}}]}},"_links":{"self":[{"href":"https:\/\/boostgroup.eu\/fr\/wp-json\/wp\/v2\/pages\/7571","targetHints":{"allow":["GET"]}}],"collection":[{"href":"https:\/\/boostgroup.eu\/fr\/wp-json\/wp\/v2\/pages"}],"about":[{"href":"https:\/\/boostgroup.eu\/fr\/wp-json\/wp\/v2\/types\/page"}],"author":[{"embeddable":true,"href":"https:\/\/boostgroup.eu\/fr\/wp-json\/wp\/v2\/users\/2"}],"replies":[{"embeddable":true,"href":"https:\/\/boostgroup.eu\/fr\/wp-json\/wp\/v2\/comments?post=7571"}],"version-history":[{"count":3,"href":"https:\/\/boostgroup.eu\/fr\/wp-json\/wp\/v2\/pages\/7571\/revisions"}],"predecessor-version":[{"id":34073,"href":"https:\/\/boostgroup.eu\/fr\/wp-json\/wp\/v2\/pages\/7571\/revisions\/34073"}],"wp:attachment":[{"href":"https:\/\/boostgroup.eu\/fr\/wp-json\/wp\/v2\/media?parent=7571"}],"curies":[{"name":"wp","href":"https:\/\/api.w.org\/{rel}","templated":true}]}}